{"id":102,"date":"2023-03-20T15:08:02","date_gmt":"2023-03-20T14:08:02","guid":{"rendered":"https:\/\/kocizakatek.cafe\/?page_id=102"},"modified":"2026-03-21T17:23:31","modified_gmt":"2026-03-21T16:23:31","slug":"home","status":"publish","type":"page","link":"https:\/\/kocizakatek.cafe\/en\/","title":{"rendered":"Kocia Kawiarnia Szczecin Koci Zak\u0105tek"},"content":{"rendered":"<h1>Koci Zak\u0105tek Cafe. Kawiarnia oraz dom tymczasowy dla kot\u00f3w. Lokal dla os\u00f3b 13+.<\/h1>\n<h5>             <\/h5>\n<p>\t\t\t<a href=\"https:\/\/kocizakatek.cafe\/en\/kontakt\/\"><br \/>\n\t\t\t\t\t\tContact<br \/>\n\t\t\t\t\t<\/a><\/p>\n<h2>Nasze kotki<\/h2>\n<h5>Obecni mieszka\u0144cy naszej kawiarni, gotowi do adopcji<\/h5>\n<p>\t\t\t<a href=\"https:\/\/kocizakatek.cafe\/en\/kotki-do-adopcji\/\"><br \/>\n\t\t\t\t\t\tFor adoption<br \/>\n\t\t\t\t\t<\/a><\/p>\n<h1><b>Kotki, kt\u00f3re znalaz\u0142y dom<\/b><\/h1>\n<p>\t\t\t<a href=\"https:\/\/kocizakatek.cafe\/en\/adoptowane\/\"><br \/>\n\t\t\t\t\t\tAdopted<br \/>\n\t\t\t\t\t<\/a><\/p>\n<h1><b>O nas<\/b><\/h1>\n<p>Pierwsza kocia kawiarnia w Szczecinie powsta\u0142a z my\u015bl\u0105 o pomocy bezdomnym kotkom w znalezieniu kochaj\u0105cego domu. To magiczne miejsce, gdzie mi\u0142o\u015bnicy kot\u00f3w mog\u0105 sp\u0119dza\u0107 czas przy kawie i pysznych przek\u0105skach, jednocze\u015bnie daj\u0105c szans\u0119 kociakom na lepsze \u017cycie.<\/p>\n<p>\t\t\t<a href=\"https:\/\/kocizakatek.cafe\/en\/nasza-historia\/\"><br \/>\n\t\t\t\t\t\tNasza  Historia<br \/>\n\t\t\t\t\t<\/a><\/p>","protected":false},"excerpt":{"rendered":"<p>Koci Zak\u0105tek Cafe. Kawiarnia oraz dom tymczasowy dla kot\u00f3w. Lokal dla os\u00f3b 13+. Kontakt Nasze kotki Obecni mieszka\u0144cy naszej kawiarni, gotowi do adopcji Do adopcji Kotki, kt\u00f3re znalaz\u0142y dom Adoptowane O nas Pierwsza kocia kawiarnia w Szczecinie powsta\u0142a z my\u015bl\u0105 o pomocy bezdomnym kotkom w znalezieniu kochaj\u0105cego domu. To magiczne miejsce, gdzie mi\u0142o\u015bnicy kot\u00f3w mog\u0105 [&hellip;]<\/p>\n","protected":false},"author":1,"featured_media":0,"parent":0,"menu_order":0,"comment_status":"closed","ping_status":"closed","template":"templates\/page-home.php","meta":{"footnotes":""},"class_list":["post-102","page","type-page","status-publish","hentry"],"_links":{"self":[{"href":"https:\/\/kocizakatek.cafe\/en\/wp-json\/wp\/v2\/pages\/102","targetHints":{"allow":["GET"]}}],"collection":[{"href":"https:\/\/kocizakatek.cafe\/en\/wp-json\/wp\/v2\/pages"}],"about":[{"href":"https:\/\/kocizakatek.cafe\/en\/wp-json\/wp\/v2\/types\/page"}],"author":[{"embeddable":true,"href":"https:\/\/kocizakatek.cafe\/en\/wp-json\/wp\/v2\/users\/1"}],"replies":[{"embeddable":true,"href":"https:\/\/kocizakatek.cafe\/en\/wp-json\/wp\/v2\/comments?post=102"}],"version-history":[{"count":189,"href":"https:\/\/kocizakatek.cafe\/en\/wp-json\/wp\/v2\/pages\/102\/revisions"}],"predecessor-version":[{"id":1100,"href":"https:\/\/kocizakatek.cafe\/en\/wp-json\/wp\/v2\/pages\/102\/revisions\/1100"}],"wp:attachment":[{"href":"https:\/\/kocizakatek.cafe\/en\/wp-json\/wp\/v2\/media?parent=102"}],"curies":[{"name":"wp","href":"https:\/\/api.w.org\/{rel}","templated":true}]}}