{"id":93,"date":"2023-03-20T15:08:02","date_gmt":"2023-03-20T14:08:02","guid":{"rendered":"https:\/\/kocizakatek.cafe\/?page_id=93"},"modified":"2026-03-21T17:25:16","modified_gmt":"2026-03-21T16:25:16","slug":"kontakt","status":"publish","type":"page","link":"https:\/\/kocizakatek.cafe\/en\/kontakt\/","title":{"rendered":"Contact Us"},"content":{"rendered":"<p><iframe\n\t\t\t\t\tdata-src=\"https:\/\/maps.google.com\/maps?q=Koci%20Zak%C4%85tek%20Cafe&#038;t=m&#038;z=10&#038;output=embed&#038;iwloc=near\"\n\t\t\t\t\ttitle=\"Koci Zak\u0105tek Cafe\"\n\t\t\t\t\taria-label=\"Koci Zak\u0105tek Cafe\"\n\t\t\t src=\"data:image\/svg+xml;base64,PHN2ZyB3aWR0aD0iMSIgaGVpZ2h0PSIxIiB4bWxucz0iaHR0cDovL3d3dy53My5vcmcvMjAwMC9zdmciPjwvc3ZnPg==\" class=\"lazyload\" data-load-mode=\"1\"><\/iframe><\/p>\n<p><strong>Adres:<\/strong> \u015al\u0105ska 5, 70-431, Szczecin<\/p>\n<p><strong>Godziny otwarcia:<\/strong>\u00a0Poniedzia\u0142ek-Pi\u0105tek 11:00-20:00<br \/>Sobota-Niedziela 10:00-20:00<\/p>\n<p><strong>Telefon:<\/strong> 690 439 222<\/p>\n<p><strong>E-mail:<\/strong>\u00a0biuro@kocizakatek.cafe<\/p>\n<p><b>Rezerwacje przyjmujemy poprzez SMS.\u00a0<\/b><\/p>\n<p>W celach rezerwacyjnych SMS powinien zawiera\u0107:<\/p>\n<p>Date and time<\/p>\n<p>Ilo\u015b\u0107 os\u00f3b oraz wiek dzieci (je\u015bli b\u0119d\u0105)<\/p>\n<p>Imi\u0119 osoby rezerwuj\u0105cej<\/p>\n<p>Rezerwacja jest wa\u017cna po otrzymaniu SMS potwierdzaj\u0105cego rezerwacj\u0119. Tylko dla os\u00f3b w wieku 13+.<\/p>\n<p>\t\t\t\t\t\t\t\t\t\t\t\t\t\t\t<img decoding=\"async\" width=\"2197\" height=\"921\" data-src=\"http:\/\/kocizakatek.cafe\/wp-content\/uploads\/2024\/02\/zewnatrz1.webp\" alt=\"\" data-srcset=\"https:\/\/kocizakatek.cafe\/wp-content\/uploads\/2024\/02\/zewnatrz1.webp 2197w, https:\/\/kocizakatek.cafe\/wp-content\/uploads\/2024\/02\/zewnatrz1-300x126.webp 300w, https:\/\/kocizakatek.cafe\/wp-content\/uploads\/2024\/02\/zewnatrz1-1024x429.webp 1024w, https:\/\/kocizakatek.cafe\/wp-content\/uploads\/2024\/02\/zewnatrz1-768x322.webp 768w, https:\/\/kocizakatek.cafe\/wp-content\/uploads\/2024\/02\/zewnatrz1-1536x644.webp 1536w, https:\/\/kocizakatek.cafe\/wp-content\/uploads\/2024\/02\/zewnatrz1-2048x859.webp 2048w\" data-sizes=\"(max-width: 2197px) 100vw, 2197px\" src=\"data:image\/svg+xml;base64,PHN2ZyB3aWR0aD0iMSIgaGVpZ2h0PSIxIiB4bWxucz0iaHR0cDovL3d3dy53My5vcmcvMjAwMC9zdmciPjwvc3ZnPg==\" class=\"lazyload\" style=\"--smush-placeholder-width: 2197px; --smush-placeholder-aspect-ratio: 2197\/921;\" \/><\/p>","protected":false},"excerpt":{"rendered":"<p>Adres: \u015al\u0105ska 5, 70-431, Szczecin Godziny otwarcia:\u00a0Poniedzia\u0142ek-Pi\u0105tek 11:00-20:00Sobota-Niedziela 10:00-20:00 Telefon: 690 439 222 E-mail:\u00a0biuro@kocizakatek.cafe Rezerwacje przyjmujemy poprzez SMS.\u00a0 W celach rezerwacyjnych SMS powinien zawiera\u0107: Dzie\u0144 i godzin\u0119 Ilo\u015b\u0107 os\u00f3b oraz wiek dzieci (je\u015bli b\u0119d\u0105) Imi\u0119 osoby rezerwuj\u0105cej Rezerwacja jest wa\u017cna po otrzymaniu SMS potwierdzaj\u0105cego rezerwacj\u0119. Tylko dla os\u00f3b w wieku 13+.<\/p>","protected":false},"author":1,"featured_media":0,"parent":0,"menu_order":0,"comment_status":"closed","ping_status":"closed","template":"templates\/page-kontakt.php","meta":{"footnotes":""},"class_list":["post-93","page","type-page","status-publish","hentry"],"_links":{"self":[{"href":"https:\/\/kocizakatek.cafe\/en\/wp-json\/wp\/v2\/pages\/93","targetHints":{"allow":["GET"]}}],"collection":[{"href":"https:\/\/kocizakatek.cafe\/en\/wp-json\/wp\/v2\/pages"}],"about":[{"href":"https:\/\/kocizakatek.cafe\/en\/wp-json\/wp\/v2\/types\/page"}],"author":[{"embeddable":true,"href":"https:\/\/kocizakatek.cafe\/en\/wp-json\/wp\/v2\/users\/1"}],"replies":[{"embeddable":true,"href":"https:\/\/kocizakatek.cafe\/en\/wp-json\/wp\/v2\/comments?post=93"}],"version-history":[{"count":81,"href":"https:\/\/kocizakatek.cafe\/en\/wp-json\/wp\/v2\/pages\/93\/revisions"}],"predecessor-version":[{"id":1349,"href":"https:\/\/kocizakatek.cafe\/en\/wp-json\/wp\/v2\/pages\/93\/revisions\/1349"}],"wp:attachment":[{"href":"https:\/\/kocizakatek.cafe\/en\/wp-json\/wp\/v2\/media?parent=93"}],"curies":[{"name":"wp","href":"https:\/\/api.w.org\/{rel}","templated":true}]}}