{"id":96,"date":"2023-03-20T15:08:02","date_gmt":"2023-03-20T14:08:02","guid":{"rendered":"https:\/\/kocizakatek.cafe\/?page_id=96"},"modified":"2026-03-21T17:24:13","modified_gmt":"2026-03-21T16:24:13","slug":"kotki-do-adopcji","status":"publish","type":"page","link":"https:\/\/kocizakatek.cafe\/en\/kotki-do-adopcji\/","title":{"rendered":"Kitties for Adoption"},"content":{"rendered":"<h1>Kitties for Adoption<\/h1>\n<h2>Aktualni mieszka\u0144cy naszej kawiarni poszukuj\u0105cy kochaj\u0105cego domu <\/h2>\n<h2>Myszka<\/h2>\n<p>Oko\u0142o 3-letnia kotka o imieniu Myszka. Bardzo energiczna i towarzyska. Woli sp\u0119dza\u0107 czas z cz\u0142owiekiem ni\u017c z innymi kotami. Idealna towarzyszka dla osoby, kt\u00f3ra szuka jednego, oddanego przyjaciela.<\/p>\n<h2>Kitku<\/h2>\n<p>Kitku, 2-letni kocurek, przeszed\u0142 FIP neurologiczny, co wp\u0142yn\u0119\u0142o na to jak si\u0119 porusza. Dzi\u0119ki rehabilitacji odzyska\u0142 sprawno\u015b\u0107. Jest ciekawski, uwielbia zabaw\u0119 i g\u0142askanie. Akceptuje inne koty bez \u017cadnych problem\u00f3w.<\/p>\n<h2>W\u0142adzia<\/h2>\n<p>10-miesi\u0119czna W\u0142adzia to filigranowa kotka o wielkiej ciekawo\u015bci \u015bwiata. Jest niezwykle towarzyska i wsz\u0119dzie jej pe\u0142no \u2013 musi sprawdzi\u0107 ka\u017cdy k\u0105t w Twoim domu. Ta malutka odkrywczyni z rado\u015bci\u0105 dotrzyma Ci kroku w codziennych obowi\u0105zkach. Daj jej szans\u0119, a W\u0142adzia stanie si\u0119 Twoim najwierniejszym cieniem!<\/p>\n<h2>Bazylia<\/h2>\n<p>Bazylia to oko\u0142o 10-miesi\u0119czna kotka, kt\u00f3ra z dystansem, ale i wielk\u0105 ciekawo\u015bci\u0105 obserwuje otoczenie. Cho\u0107 pocz\u0105tkowo jest nieco wycofana, jej m\u0142ody wiek i ch\u0119\u0107 poznawania \u015bwiata sprawiaj\u0105, \u017ce szybko robi post\u0119py. Potrzebuje spokojnego opiekuna, kt\u00f3ry cierpliwie pomo\u017ce jej prze\u0142ama\u0107 pierwsze lody. Daj jej szans\u0119, a z czasem zyskasz ufn\u0105 i wspania\u0142\u0105 przyjaci\u00f3\u0142k\u0119.<\/p>\n<h2>Wkr\u0119cik<\/h2>\n<p>To 9-miesi\u0119czny wulkan energii, kt\u00f3remu brak jednej \u0142apki wcale nie przeszkadza w szalonych zabawach. Ten radosny maluch uwielbia ludzi i najch\u0119tniej sp\u0119dza czas, przytulaj\u0105c si\u0119 na kolanach opiekuna. Jest pe\u0142en \u017cycia, ufny i gotowy, by sta\u0107 si\u0119 Twoim najlepszym przyjacielem. Daj mu szans\u0119 i zapro\u015b go do swojego serca!<\/p>\n<h2>Zosia<\/h2>\n<p>10-miesi\u0119czna Zosia wci\u0105\u017c czeka na sw\u00f3j dom, podczas gdy jej rodze\u0144stwo ju\u017c go znalaz\u0142o. To nieco nie\u015bmia\u0142a kotka, kt\u00f3ra potrzebuje chwili cierpliwo\u015bci, by zaufa\u0107 cz\u0142owiekowi. Gdy poczuje si\u0119 pewnie, staje si\u0119 wyj\u0105tkowo milutk\u0105 i oddan\u0105 towarzyszk\u0105. Daj jej szans\u0119 i otw\u00f3rz przed ni\u0105 swoje serce!<\/p>\n<h2>Panda<\/h2>\n<p>Panda, oko\u0142o 2-letnia kotka, jest wielk\u0105 mi\u0142o\u015bniczk\u0105 ludzi (i plecak\u00f3w!). Potrzebuje troch\u0119 czasu, by zaufa\u0107 innym kotom, ale dop\u00f3ki s\u0105 dla niej \u0142agodne, nie ma z nimi problem\u00f3w. Szuka kochaj\u0105cego domu.<\/p>\n<h2>\u0141atek<\/h2>\n<p>2-letni \u0141atek to oaza spokoju i uosobienie \u0142agodno\u015bci. Ten niezwykle milutki kocur kocha g\u0142askanie i wsp\u00f3lne przytulanie, jednak gwar oraz aktywne koty nieco go przyt\u0142aczaj\u0105. B\u0119dzie idealnym wyborem dla kogo\u015b, kto szuka jedynego, oddanego przyjaciela i spokojnej atmosfery w domu.<\/p>\n<h2>Kminek<\/h2>\n<p>10-miesi\u0119czny Kminek to wulkan energii i nieko\u0144cz\u0105ca si\u0119 ciekawo\u015b\u0107 \u015bwiata. Uwielbia ludzi, szalone zabawy i \u015bwietnie dogaduje si\u0119 z innymi kotami. To idealny kompan dla kogo\u015b, kto szuka aktywnego i towarzyskiego przyjaciela. Podaruj mu dom, a Kminek wype\u0142ni go rado\u015bci\u0105 i wsp\u00f3ln\u0105 zabaw\u0105!<\/p>\n<h2><b>FAQ<\/b><\/h2>\n<h4 id=\"elementor-tab-title-8891\" data-tab=\"1\" role=\"button\" aria-controls=\"elementor-tab-content-8891\" aria-expanded=\"false\">\n\t\t\t\t\t\t\t\t\t\t\t\t\t\t\t<svg xmlns=\"http:\/\/www.w3.org\/2000\/svg\" id=\"b159ff04-3740-4ac3-96cc-b414ded50b3a\" data-name=\"Layer 1\" width=\"16\" height=\"16\" viewbox=\"0 0 16 16\"><polygon points=\"8.39 7.64 8.39 0 7.61 0 7.61 7.64 0 7.64 0 8.4 7.61 8.4 7.61 16 8.39 16 8.39 8.4 16 8.4 16 7.64 8.39 7.64\"><\/polygon><\/svg><br \/>\n\t\t\t\t\t\t\t\t<svg xmlns=\"http:\/\/www.w3.org\/2000\/svg\" id=\"adf49d60-5815-4ece-8d49-00a021de5c06\" data-name=\"Layer 1\" width=\"16\" height=\"16\" viewbox=\"0 0 16 16\"><rect width=\"16\" height=\"16\" style=\"opacity:0\"><\/rect><rect y=\"7.64\" width=\"16\" height=\"0.76\"><\/rect><\/svg><br \/>\n\t\t\t\t\t\t\t\t\t\t\t\t<a tabindex=\"0\">Are all the cats available for adoption?<\/a><br \/>\n\t\t\t\t\t<\/h4>\n<p>Tak wszystkie kotki s\u0105 do adopcji.<\/p>\n<h4 id=\"elementor-tab-title-8892\" data-tab=\"2\" role=\"button\" aria-controls=\"elementor-tab-content-8892\" aria-expanded=\"false\">\n\t\t\t\t\t\t\t\t\t\t\t\t\t\t\t<svg xmlns=\"http:\/\/www.w3.org\/2000\/svg\" id=\"b159ff04-3740-4ac3-96cc-b414ded50b3a\" data-name=\"Layer 1\" width=\"16\" height=\"16\" viewbox=\"0 0 16 16\"><polygon points=\"8.39 7.64 8.39 0 7.61 0 7.61 7.64 0 7.64 0 8.4 7.61 8.4 7.61 16 8.39 16 8.39 8.4 16 8.4 16 7.64 8.39 7.64\"><\/polygon><\/svg><br \/>\n\t\t\t\t\t\t\t\t<svg xmlns=\"http:\/\/www.w3.org\/2000\/svg\" id=\"adf49d60-5815-4ece-8d49-00a021de5c06\" data-name=\"Layer 1\" width=\"16\" height=\"16\" viewbox=\"0 0 16 16\"><rect width=\"16\" height=\"16\" style=\"opacity:0\"><\/rect><rect y=\"7.64\" width=\"16\" height=\"0.76\"><\/rect><\/svg><br \/>\n\t\t\t\t\t\t\t\t\t\t\t\t<a tabindex=\"0\">Where do the cats come from and who handles the adoption?<\/a><br \/>\n\t\t\t\t\t<\/h4>\n<p>Kotki bierzemy od TOZ Szczecin, ZTZ oraz wsp\u00f3\u0142pracujemy z kilkoma mniejszymi podmiotami. Adopcj\u0119 w zale\u017cno\u015bci od kota prowadzimy my, TOZ lub ZTZ. O szczeg\u00f3\u0142y mo\u017cna pyta\u0107 obs\u0142ug\u0119.<\/p>\n<h4 id=\"elementor-tab-title-8893\" data-tab=\"3\" role=\"button\" aria-controls=\"elementor-tab-content-8893\" aria-expanded=\"false\">\n\t\t\t\t\t\t\t\t\t\t\t\t\t\t\t<svg xmlns=\"http:\/\/www.w3.org\/2000\/svg\" id=\"b159ff04-3740-4ac3-96cc-b414ded50b3a\" data-name=\"Layer 1\" width=\"16\" height=\"16\" viewbox=\"0 0 16 16\"><polygon points=\"8.39 7.64 8.39 0 7.61 0 7.61 7.64 0 7.64 0 8.4 7.61 8.4 7.61 16 8.39 16 8.39 8.4 16 8.4 16 7.64 8.39 7.64\"><\/polygon><\/svg><br \/>\n\t\t\t\t\t\t\t\t<svg xmlns=\"http:\/\/www.w3.org\/2000\/svg\" id=\"adf49d60-5815-4ece-8d49-00a021de5c06\" data-name=\"Layer 1\" width=\"16\" height=\"16\" viewbox=\"0 0 16 16\"><rect width=\"16\" height=\"16\" style=\"opacity:0\"><\/rect><rect y=\"7.64\" width=\"16\" height=\"0.76\"><\/rect><\/svg><br \/>\n\t\t\t\t\t\t\t\t\t\t\t\t<a tabindex=\"0\">What does the adoption process look like?<\/a><br \/>\n\t\t\t\t\t<\/h4>\n<p>Proces adopcyjny sk\u0142ada si\u0119 z rozmowy przedadopcyjnej, wizyty w domu w celu weryfikacji \u015brodowiska dla kotka, a nast\u0119pnie po pozytywnym procesie kotek zostaje dostarczony razem z umow\u0105 adopcyjn\u0105.<\/p>\n<h1><b>Kotki kt\u00f3re znalaz\u0142y dom<\/b><\/h1>\n<p>Kliknij poni\u017cej by zobaczy\u0107 kotki kt\u00f3re ju\u017c znalaz\u0142y swoje domy \ud83d\ude42&nbsp;<\/p>\n<p>\t\t\t\t\t<a href=\"https:\/\/kocizakatek.cafe\/en\/adoptowane\/\"><br \/>\n\t\t\t\t\t\t\t\t\tAdopted<br \/>\n\t\t\t\t\t<\/a><\/p>","protected":false},"excerpt":{"rendered":"<p>Kotki do adopcji Aktualni mieszka\u0144cy naszej kawiarni poszukuj\u0105cy kochaj\u0105cego domu Myszka Oko\u0142o 3-letnia kotka o imieniu Myszka. Bardzo energiczna i towarzyska. Woli sp\u0119dza\u0107 czas z cz\u0142owiekiem ni\u017c z innymi kotami. Idealna towarzyszka dla osoby, kt\u00f3ra szuka jednego, oddanego przyjaciela. Kitku Kitku, 2-letni kocurek, przeszed\u0142 FIP neurologiczny, co wp\u0142yn\u0119\u0142o na to jak si\u0119 porusza. Dzi\u0119ki rehabilitacji [&hellip;]<\/p>\n","protected":false},"author":1,"featured_media":0,"parent":0,"menu_order":0,"comment_status":"closed","ping_status":"closed","template":"templates\/page-kotki.php","meta":{"footnotes":""},"class_list":["post-96","page","type-page","status-publish","hentry"],"_links":{"self":[{"href":"https:\/\/kocizakatek.cafe\/en\/wp-json\/wp\/v2\/pages\/96","targetHints":{"allow":["GET"]}}],"collection":[{"href":"https:\/\/kocizakatek.cafe\/en\/wp-json\/wp\/v2\/pages"}],"about":[{"href":"https:\/\/kocizakatek.cafe\/en\/wp-json\/wp\/v2\/types\/page"}],"author":[{"embeddable":true,"href":"https:\/\/kocizakatek.cafe\/en\/wp-json\/wp\/v2\/users\/1"}],"replies":[{"embeddable":true,"href":"https:\/\/kocizakatek.cafe\/en\/wp-json\/wp\/v2\/comments?post=96"}],"version-history":[{"count":241,"href":"https:\/\/kocizakatek.cafe\/en\/wp-json\/wp\/v2\/pages\/96\/revisions"}],"predecessor-version":[{"id":1342,"href":"https:\/\/kocizakatek.cafe\/en\/wp-json\/wp\/v2\/pages\/96\/revisions\/1342"}],"wp:attachment":[{"href":"https:\/\/kocizakatek.cafe\/en\/wp-json\/wp\/v2\/media?parent=96"}],"curies":[{"name":"wp","href":"https:\/\/api.w.org\/{rel}","templated":true}]}}