{"id":99,"date":"2023-03-20T15:08:02","date_gmt":"2023-03-20T14:08:02","guid":{"rendered":"https:\/\/kocizakatek.cafe\/?page_id=99"},"modified":"2026-03-21T17:24:39","modified_gmt":"2026-03-21T16:24:39","slug":"nasza-historia","status":"publish","type":"page","link":"https:\/\/kocizakatek.cafe\/en\/nasza-historia\/","title":{"rendered":"Our Story"},"content":{"rendered":"<h3>Our journey<\/h3>\n<p>Kocia kawiarnia to miejsce, gdzie zami\u0142owanie do kot\u00f3w splata si\u0119 z gor\u0105c\u0105 mi\u0142o\u015bci\u0105 do kawy, tworz\u0105c wyj\u0105tkow\u0105 atmosfer\u0119.&nbsp;<\/p>\n<\/p>\n<p>Driven by our love for these fluffy friends, we are dedicated to helping cats in need while providing a cozy sanctuary for coffee enthusiasts. Here, you can enjoy premium drinks and treats in the best possible company.<\/p>\n<\/p>\n<p>W kociej kawiarni stawiamy na harmoni\u0119 pomi\u0119dzy przytulnym otoczeniem, a dzia\u0142aniami na rzecz kot\u00f3w. To nie tylko miejsce spotka\u0144 mi\u0142o\u015bnik\u00f3w kawy, ale r\u00f3wnie\u017c oaza dobroczynno\u015bci dla zwierz\u0105t.<\/p>\n<p><\/p>\n<p>Kawiarnia posiada limit wieku 13+.<\/p>\n<h3><b>Our mission<\/b><\/h3>\n<p>W Kociej Kawiarni chcemy nie tylko zaspokoi\u0107 pragnienie kofeinowe naszych go\u015bci, ale tak\u017ce podzieli\u0107 si\u0119 nasz\u0105 mi\u0142o\u015bci\u0105 do kot\u00f3w i propagowa\u0107 ide\u0119 adopcji zwierz\u0105t. <\/p>\n<p>\u00a0<\/p>\n<p>Ka\u017cdy, kto odwiedza nasze wn\u0119trze, staje si\u0119 cz\u0119\u015bci\u0105 tej wyj\u0105tkowej spo\u0142eczno\u015bci, gdzie dobre serce \u0142\u0105czy si\u0119 z aromatem \u015bwie\u017co parzonej kawy. Zapraszamy do naszego \u015bwiata, gdzie rado\u015b\u0107 picia kawy i troska o zwierz\u0119ta id\u0105 w parze!<\/p>\n<p>\t\t\t\t\t\t\t\t\t\t\t\t\t\t\t<img decoding=\"async\" width=\"905\" height=\"1832\" data-src=\"http:\/\/kocizakatek.cafe\/wp-content\/uploads\/2024\/02\/srodek1.webp\" alt=\"\" data-srcset=\"https:\/\/kocizakatek.cafe\/wp-content\/uploads\/2024\/02\/srodek1.webp 905w, https:\/\/kocizakatek.cafe\/wp-content\/uploads\/2024\/02\/srodek1-148x300.webp 148w, https:\/\/kocizakatek.cafe\/wp-content\/uploads\/2024\/02\/srodek1-506x1024.webp 506w, https:\/\/kocizakatek.cafe\/wp-content\/uploads\/2024\/02\/srodek1-768x1555.webp 768w, https:\/\/kocizakatek.cafe\/wp-content\/uploads\/2024\/02\/srodek1-759x1536.webp 759w\" data-sizes=\"auto, (max-width: 905px) 100vw, 905px\" src=\"data:image\/svg+xml;base64,PHN2ZyB3aWR0aD0iMSIgaGVpZ2h0PSIxIiB4bWxucz0iaHR0cDovL3d3dy53My5vcmcvMjAwMC9zdmciPjwvc3ZnPg==\" class=\"lazyload\" style=\"--smush-placeholder-width: 905px; --smush-placeholder-aspect-ratio: 905\/1832;\" \/><br \/>\n\t\t\t\t\t\t\t\t\t\t\t\t\t\t\t<img decoding=\"async\" width=\"683\" height=\"1024\" data-src=\"http:\/\/kocizakatek.cafe\/wp-content\/uploads\/2024\/02\/Sniezka1-683x1024.webp\" alt=\"\" data-srcset=\"https:\/\/kocizakatek.cafe\/wp-content\/uploads\/2024\/02\/Sniezka1-683x1024.webp 683w, https:\/\/kocizakatek.cafe\/wp-content\/uploads\/2024\/02\/Sniezka1-200x300.webp 200w, https:\/\/kocizakatek.cafe\/wp-content\/uploads\/2024\/02\/Sniezka1-768x1151.webp 768w, https:\/\/kocizakatek.cafe\/wp-content\/uploads\/2024\/02\/Sniezka1-1025x1536.webp 1025w, https:\/\/kocizakatek.cafe\/wp-content\/uploads\/2024\/02\/Sniezka1.webp 1366w\" data-sizes=\"auto, (max-width: 683px) 100vw, 683px\" src=\"data:image\/svg+xml;base64,PHN2ZyB3aWR0aD0iMSIgaGVpZ2h0PSIxIiB4bWxucz0iaHR0cDovL3d3dy53My5vcmcvMjAwMC9zdmciPjwvc3ZnPg==\" class=\"lazyload\" style=\"--smush-placeholder-width: 683px; --smush-placeholder-aspect-ratio: 683\/1024;\" \/><\/p>","protected":false},"excerpt":{"rendered":"<p>Nasza historia Kocia kawiarnia to miejsce, gdzie zami\u0142owanie do kot\u00f3w splata si\u0119 z gor\u0105c\u0105 mi\u0142o\u015bci\u0105 do kawy, tworz\u0105c wyj\u0105tkow\u0105 atmosfer\u0119.&nbsp; Nasza pasja do tych puszystych stworze\u0144 nie tylko sk\u0142ania nas do pomocy kotkom w potrzebie, ale tak\u017ce inspiruje nas do stworzenia przytulnego otoczenia, w kt\u00f3rym mi\u0142o\u015bnicy kawowych rytua\u0142\u00f3w mog\u0105 delektowa\u0107 si\u0119 doskona\u0142ym napojem i przysmakami. [&hellip;]<\/p>\n","protected":false},"author":1,"featured_media":0,"parent":0,"menu_order":0,"comment_status":"closed","ping_status":"closed","template":"templates\/page-o-nas.php","meta":{"footnotes":""},"class_list":["post-99","page","type-page","status-publish","hentry"],"_links":{"self":[{"href":"https:\/\/kocizakatek.cafe\/en\/wp-json\/wp\/v2\/pages\/99","targetHints":{"allow":["GET"]}}],"collection":[{"href":"https:\/\/kocizakatek.cafe\/en\/wp-json\/wp\/v2\/pages"}],"about":[{"href":"https:\/\/kocizakatek.cafe\/en\/wp-json\/wp\/v2\/types\/page"}],"author":[{"embeddable":true,"href":"https:\/\/kocizakatek.cafe\/en\/wp-json\/wp\/v2\/users\/1"}],"replies":[{"embeddable":true,"href":"https:\/\/kocizakatek.cafe\/en\/wp-json\/wp\/v2\/comments?post=99"}],"version-history":[{"count":38,"href":"https:\/\/kocizakatek.cafe\/en\/wp-json\/wp\/v2\/pages\/99\/revisions"}],"predecessor-version":[{"id":949,"href":"https:\/\/kocizakatek.cafe\/en\/wp-json\/wp\/v2\/pages\/99\/revisions\/949"}],"wp:attachment":[{"href":"https:\/\/kocizakatek.cafe\/en\/wp-json\/wp\/v2\/media?parent=99"}],"curies":[{"name":"wp","href":"https:\/\/api.w.org\/{rel}","templated":true}]}}